{"id":8315,"date":"2022-01-18T13:59:20","date_gmt":"2022-01-18T11:59:20","guid":{"rendered":"https:\/\/cavatzortzatos.gr\/product\/tapito-anejo-500ml\/"},"modified":"2024-10-05T12:22:45","modified_gmt":"2024-10-05T09:22:45","slug":"tapito-anejo-500ml","status":"publish","type":"product","link":"https:\/\/cavatzortzatos.gr\/en\/product\/tapito-anejo-500ml\/","title":{"rendered":"Tapatio Anejo 500ml"},"content":{"rendered":"<p>Tapatio Anejo has an intense yellow color with slight orange hues and golden glimmers, offering a medium body. On the nose, sweet notes of roasted agave, cr\u00e8me br\u00fbl\u00e9e, vanilla, and caramel emerge, along with subtle hints of cinnamon, red pepper, and spices. On the palate, the sweet and spicy notes of agave combine with cocoa and vanilla aromas, followed by hints of pepper, walnut, and some berries. The result is a multifaceted and rich tasting experience that demonstrates the exceptional quality of this fine tequila.   <\/p>\n","protected":false},"excerpt":{"rendered":"<p>Tapatio Anejo has an intense yellow color with slight orange hues and golden glimmers, offering a medium body. On the nose, sweet notes of roasted agave, cr\u00e8me br\u00fbl\u00e9e, vanilla, and caramel emerge, along with subtle hints of cinnamon, red pepper, and spices. On the palate, the sweet and spicy notes of agave combine with cocoa [&hellip;]<\/p>\n","protected":false},"featured_media":16608,"comment_status":"open","ping_status":"closed","template":"","meta":{"_acf_changed":false},"product_brand":[],"product_cat":[1662,1678],"product_tag":[],"class_list":{"0":"post-8315","1":"product","2":"type-product","3":"status-publish","4":"has-post-thumbnail","6":"product_cat-drinks","7":"product_cat-tequila-en","8":"pa_alkoolikoi-vathmoi-38-en","9":"pa_brand-tapatio-en","10":"pa_periexomeno-fialis-700ml-en","11":"pa_typos-anejo-en","12":"pa_xora-proelefsis-mexico","14":"first","15":"instock","16":"shipping-taxable","17":"purchasable","18":"product-type-simple","19":"add-to-wishlist-before_image"},"acf":[],"_links":{"self":[{"href":"https:\/\/cavatzortzatos.gr\/en\/wp-json\/wp\/v2\/product\/8315","targetHints":{"allow":["GET"]}}],"collection":[{"href":"https:\/\/cavatzortzatos.gr\/en\/wp-json\/wp\/v2\/product"}],"about":[{"href":"https:\/\/cavatzortzatos.gr\/en\/wp-json\/wp\/v2\/types\/product"}],"replies":[{"embeddable":true,"href":"https:\/\/cavatzortzatos.gr\/en\/wp-json\/wp\/v2\/comments?post=8315"}],"wp:featuredmedia":[{"embeddable":true,"href":"https:\/\/cavatzortzatos.gr\/en\/wp-json\/wp\/v2\/media\/16608"}],"wp:attachment":[{"href":"https:\/\/cavatzortzatos.gr\/en\/wp-json\/wp\/v2\/media?parent=8315"}],"wp:term":[{"taxonomy":"product_brand","embeddable":true,"href":"https:\/\/cavatzortzatos.gr\/en\/wp-json\/wp\/v2\/product_brand?post=8315"},{"taxonomy":"product_cat","embeddable":true,"href":"https:\/\/cavatzortzatos.gr\/en\/wp-json\/wp\/v2\/product_cat?post=8315"},{"taxonomy":"product_tag","embeddable":true,"href":"https:\/\/cavatzortzatos.gr\/en\/wp-json\/wp\/v2\/product_tag?post=8315"}],"curies":[{"name":"wp","href":"https:\/\/api.w.org\/{rel}","templated":true}]}}